{"id":370,"date":"2019-07-03T14:06:48","date_gmt":"2019-07-03T14:06:48","guid":{"rendered":"https:\/\/zveganhair.com\/?page_id=370"},"modified":"2024-11-26T18:22:29","modified_gmt":"2024-11-26T18:22:29","slug":"contato","status":"publish","type":"page","link":"https:\/\/zveganhair.com\/pt\/contato","title":{"rendered":"Contatos"},"content":{"rendered":"\t\t<div data-elementor-type=\"wp-post\" data-elementor-id=\"370\" class=\"elementor elementor-370\" data-elementor-post-type=\"page\">\n\t\t\t\t\t\t<section class=\"elementor-section elementor-top-section elementor-element elementor-element-a73f80d elementor-section-boxed elementor-section-height-default elementor-section-height-default\" data-id=\"a73f80d\" data-element_type=\"section\" data-e-type=\"section\" data-settings=\"{&quot;background_background&quot;:&quot;classic&quot;,&quot;shape_divider_bottom&quot;:&quot;waves&quot;}\">\n\t\t\t\t\t\t\t<div class=\"elementor-background-overlay\"><\/div>\n\t\t\t\t\t\t<div class=\"elementor-shape elementor-shape-bottom\" aria-hidden=\"true\" data-negative=\"false\">\n\t\t\t<svg xmlns=\"http:\/\/www.w3.org\/2000\/svg\" viewBox=\"0 0 1000 100\" preserveAspectRatio=\"none\">\n\t<path class=\"elementor-shape-fill\" d=\"M421.9,6.5c22.6-2.5,51.5,0.4,75.5,5.3c23.6,4.9,70.9,23.5,100.5,35.7c75.8,32.2,133.7,44.5,192.6,49.7\n\tc23.6,2.1,48.7,3.5,103.4-2.5c54.7-6,106.2-25.6,106.2-25.6V0H0v30.3c0,0,72,32.6,158.4,30.5c39.2-0.7,92.8-6.7,134-22.4\n\tc21.2-8.1,52.2-18.2,79.7-24.2C399.3,7.9,411.6,7.5,421.9,6.5z\"\/>\n<\/svg>\t\t<\/div>\n\t\t\t\t\t<div class=\"elementor-container elementor-column-gap-default\">\n\t\t\t\t\t<div class=\"elementor-column elementor-col-100 elementor-top-column elementor-element elementor-element-533f426f\" data-id=\"533f426f\" data-element_type=\"column\" data-e-type=\"column\">\n\t\t\t<div class=\"elementor-widget-wrap elementor-element-populated\">\n\t\t\t\t\t\t<div class=\"elementor-element elementor-element-135a8dcc elementor-widget-divider--view-line elementor-widget elementor-widget-divider\" data-id=\"135a8dcc\" data-element_type=\"widget\" data-e-type=\"widget\" data-widget_type=\"divider.default\">\n\t\t\t\t<div class=\"elementor-widget-container\">\n\t\t\t\t\t\t\t<div class=\"elementor-divider\">\n\t\t\t<span class=\"elementor-divider-separator\">\n\t\t\t\t\t\t<\/span>\n\t\t<\/div>\n\t\t\t\t\t\t<\/div>\n\t\t\t\t<\/div>\n\t\t\t\t<div class=\"elementor-element elementor-element-62c0715d elementor-widget elementor-widget-text-editor\" data-id=\"62c0715d\" data-element_type=\"widget\" data-e-type=\"widget\" data-widget_type=\"text-editor.default\">\n\t\t\t\t<div class=\"elementor-widget-container\">\n\t\t\t\t\t\t\t\t\t<p>Entre em contato connosco e fa\u00e7a a sua marca\u00e7\u00e3o.<\/p>\t\t\t\t\t\t\t\t<\/div>\n\t\t\t\t<\/div>\n\t\t\t\t\t<\/div>\n\t\t<\/div>\n\t\t\t\t\t<\/div>\n\t\t<\/section>\n\t\t\t\t<section class=\"elementor-section elementor-top-section elementor-element elementor-element-a6c09ee elementor-section-content-middle elementor-section-boxed elementor-section-height-default elementor-section-height-default\" data-id=\"a6c09ee\" data-element_type=\"section\" data-e-type=\"section\" data-settings=\"{&quot;background_background&quot;:&quot;classic&quot;}\">\n\t\t\t\t\t\t<div class=\"elementor-container elementor-column-gap-default\">\n\t\t\t\t\t<div class=\"elementor-column elementor-col-100 elementor-top-column elementor-element elementor-element-0b63556\" data-id=\"0b63556\" data-element_type=\"column\" data-e-type=\"column\">\n\t\t\t<div class=\"elementor-widget-wrap elementor-element-populated\">\n\t\t\t\t\t\t<section class=\"elementor-section elementor-inner-section elementor-element elementor-element-06c7339 elementor-section-content-middle elementor-section-boxed elementor-section-height-default elementor-section-height-default\" data-id=\"06c7339\" data-element_type=\"section\" data-e-type=\"section\">\n\t\t\t\t\t\t<div class=\"elementor-container elementor-column-gap-default\">\n\t\t\t\t\t<div class=\"elementor-column elementor-col-50 elementor-inner-column elementor-element elementor-element-650661c\" data-id=\"650661c\" data-element_type=\"column\" data-e-type=\"column\">\n\t\t\t<div class=\"elementor-widget-wrap elementor-element-populated\">\n\t\t\t\t\t\t<div class=\"elementor-element elementor-element-e6dbc87 elementor-widget elementor-widget-heading\" data-id=\"e6dbc87\" data-element_type=\"widget\" data-e-type=\"widget\" data-widget_type=\"heading.default\">\n\t\t\t\t<div class=\"elementor-widget-container\">\n\t\t\t\t\t<h2 class=\"elementor-heading-title elementor-size-default\">Aguardamos a sua visita<\/h2>\t\t\t\t<\/div>\n\t\t\t\t<\/div>\n\t\t\t\t<div class=\"elementor-element elementor-element-2f11595 elementor-widget elementor-widget-text-editor\" data-id=\"2f11595\" data-element_type=\"widget\" data-e-type=\"widget\" data-widget_type=\"text-editor.default\">\n\t\t\t\t<div class=\"elementor-widget-container\">\n\t\t\t\t\t\t\t\t\t<p>Para esclarecimento de qualquer d\u00favida que tenha sobre os nossos servi\u00e7os, n\u00e3o hesite em nos contatar. Basta preencher e enviar este formul\u00e1rio e ter\u00e1 a sua resposta o mais breve poss\u00edvel.<\/p>\t\t\t\t\t\t\t\t<\/div>\n\t\t\t\t<\/div>\n\t\t\t\t<div class=\"elementor-element elementor-element-2ee0887 elementor-button-align-start elementor-widget elementor-widget-form\" data-id=\"2ee0887\" data-element_type=\"widget\" data-e-type=\"widget\" data-settings=\"{&quot;step_next_label&quot;:&quot;Pr\\u00f3ximo&quot;,&quot;step_previous_label&quot;:&quot;Anterior&quot;,&quot;step_type&quot;:&quot;number_text&quot;,&quot;step_icon_shape&quot;:&quot;circle&quot;}\" data-widget_type=\"form.default\">\n\t\t\t\t<div class=\"elementor-widget-container\">\n\t\t\t\t\t\t\t<form class=\"elementor-form\" method=\"post\" name=\"Novo formul\u00e1rio\" aria-label=\"Novo formul\u00e1rio\">\n\t\t\t<input type=\"hidden\" name=\"post_id\" value=\"370\"\/>\n\t\t\t<input type=\"hidden\" name=\"form_id\" value=\"2ee0887\"\/>\n\t\t\t<input type=\"hidden\" name=\"referer_title\" value=\"Contatos | Z Vegan Hair Concept | Restelo Lisboa\" \/>\n\n\t\t\t\t\t\t\t<input type=\"hidden\" name=\"queried_id\" value=\"370\"\/>\n\t\t\t\n\t\t\t<div class=\"elementor-form-fields-wrapper elementor-labels-above\">\n\t\t\t\t\t\t\t\t<div class=\"elementor-field-type-text elementor-field-group elementor-column elementor-field-group-name elementor-col-100\">\n\t\t\t\t\t\t\t\t\t\t\t\t<label for=\"form-field-name\" class=\"elementor-field-label\">\n\t\t\t\t\t\t\t\tNome\t\t\t\t\t\t\t<\/label>\n\t\t\t\t\t\t\t\t\t\t\t\t\t\t<input size=\"1\" type=\"text\" name=\"form_fields[name]\" id=\"form-field-name\" class=\"elementor-field elementor-size-sm  elementor-field-textual\">\n\t\t\t\t\t\t\t\t\t\t\t<\/div>\n\t\t\t\t\t\t\t\t<div class=\"elementor-field-type-email elementor-field-group elementor-column elementor-field-group-email elementor-col-100 elementor-field-required\">\n\t\t\t\t\t\t\t\t\t\t\t\t<label for=\"form-field-email\" class=\"elementor-field-label\">\n\t\t\t\t\t\t\t\tE-mail\t\t\t\t\t\t\t<\/label>\n\t\t\t\t\t\t\t\t\t\t\t\t\t\t<input size=\"1\" type=\"email\" name=\"form_fields[email]\" id=\"form-field-email\" class=\"elementor-field elementor-size-sm  elementor-field-textual\" required=\"required\">\n\t\t\t\t\t\t\t\t\t\t\t<\/div>\n\t\t\t\t\t\t\t\t<div class=\"elementor-field-type-tel elementor-field-group elementor-column elementor-field-group-field_f5b8663 elementor-col-100\">\n\t\t\t\t\t\t\t\t\t\t\t\t<label for=\"form-field-field_f5b8663\" class=\"elementor-field-label\">\n\t\t\t\t\t\t\t\tTelefone\t\t\t\t\t\t\t<\/label>\n\t\t\t\t\t\t\t\t<input size=\"1\" type=\"tel\" name=\"form_fields[field_f5b8663]\" id=\"form-field-field_f5b8663\" class=\"elementor-field elementor-size-sm  elementor-field-textual\" pattern=\"[0-9()#&amp;+*-=.]+\" title=\"Only numbers and phone characters (#, -, *, etc) are accepted.\">\n\n\t\t\t\t\t\t<\/div>\n\t\t\t\t\t\t\t\t<div class=\"elementor-field-type-text elementor-field-group elementor-column elementor-field-group-field_3b39763 elementor-col-100\">\n\t\t\t\t\t\t\t\t\t\t\t\t<label for=\"form-field-field_3b39763\" class=\"elementor-field-label\">\n\t\t\t\t\t\t\t\tAssunto\t\t\t\t\t\t\t<\/label>\n\t\t\t\t\t\t\t\t\t\t\t\t\t\t<input size=\"1\" type=\"text\" name=\"form_fields[field_3b39763]\" id=\"form-field-field_3b39763\" class=\"elementor-field elementor-size-sm  elementor-field-textual\">\n\t\t\t\t\t\t\t\t\t\t\t<\/div>\n\t\t\t\t\t\t\t\t<div class=\"elementor-field-type-textarea elementor-field-group elementor-column elementor-field-group-message elementor-col-100\">\n\t\t\t\t\t\t\t\t\t\t\t\t<label for=\"form-field-message\" class=\"elementor-field-label\">\n\t\t\t\t\t\t\t\tMensagem\t\t\t\t\t\t\t<\/label>\n\t\t\t\t\t\t<textarea class=\"elementor-field-textual elementor-field  elementor-size-sm\" name=\"form_fields[message]\" id=\"form-field-message\" rows=\"4\"><\/textarea>\t\t\t\t<\/div>\n\t\t\t\t\t\t\t\t<div class=\"elementor-field-group elementor-column elementor-field-type-submit elementor-col-100 e-form__buttons\">\n\t\t\t\t\t<button class=\"elementor-button elementor-size-md\" type=\"submit\">\n\t\t\t\t\t\t<span class=\"elementor-button-content-wrapper\">\n\t\t\t\t\t\t\t\t\t\t\t\t\t\t\t\t\t\t\t\t\t\t<span class=\"elementor-button-text\">Enviar<\/span>\n\t\t\t\t\t\t\t\t\t\t\t\t\t<\/span>\n\t\t\t\t\t<\/button>\n\t\t\t\t<\/div>\n\t\t\t<\/div>\n\t\t<\/form>\n\t\t\t\t\t\t<\/div>\n\t\t\t\t<\/div>\n\t\t\t\t\t<\/div>\n\t\t<\/div>\n\t\t\t\t<div class=\"elementor-column elementor-col-50 elementor-inner-column elementor-element elementor-element-83f8e71\" data-id=\"83f8e71\" data-element_type=\"column\" data-e-type=\"column\">\n\t\t\t<div class=\"elementor-widget-wrap elementor-element-populated\">\n\t\t\t\t\t\t<div class=\"elementor-element elementor-element-cfb28fe elementor-widget elementor-widget-image\" data-id=\"cfb28fe\" data-element_type=\"widget\" data-e-type=\"widget\" data-widget_type=\"image.default\">\n\t\t\t\t<div class=\"elementor-widget-container\">\n\t\t\t\t\t\t\t\t\t\t\t\t\t\t\t<img fetchpriority=\"high\" decoding=\"async\" width=\"800\" height=\"429\" src=\"https:\/\/zveganhair.com\/wp-content\/uploads\/2019\/07\/z-vegan-hair-concept-1-1024x549.jpg\" class=\"attachment-large size-large wp-image-1485\" alt=\"z-vegan-hair-concept\" srcset=\"https:\/\/zveganhair.com\/wp-content\/uploads\/2019\/07\/z-vegan-hair-concept-1-1024x549.jpg 1024w, https:\/\/zveganhair.com\/wp-content\/uploads\/2019\/07\/z-vegan-hair-concept-1-300x161.jpg 300w, https:\/\/zveganhair.com\/wp-content\/uploads\/2019\/07\/z-vegan-hair-concept-1-768x412.jpg 768w, https:\/\/zveganhair.com\/wp-content\/uploads\/2019\/07\/z-vegan-hair-concept-1.jpg 2015w\" sizes=\"(max-width: 800px) 100vw, 800px\" \/>\t\t\t\t\t\t\t\t\t\t\t\t\t\t\t<\/div>\n\t\t\t\t<\/div>\n\t\t\t\t<div class=\"elementor-element elementor-element-f5d9657 elementor-align-start elementor-icon-list--layout-traditional elementor-list-item-link-full_width elementor-widget elementor-widget-icon-list\" data-id=\"f5d9657\" data-element_type=\"widget\" data-e-type=\"widget\" data-widget_type=\"icon-list.default\">\n\t\t\t\t<div class=\"elementor-widget-container\">\n\t\t\t\t\t\t\t<ul class=\"elementor-icon-list-items\">\n\t\t\t\t\t\t\t<li class=\"elementor-icon-list-item\">\n\t\t\t\t\t\t\t\t\t\t\t<span class=\"elementor-icon-list-icon\">\n\t\t\t\t\t\t\t<i aria-hidden=\"true\" class=\"fas fa-map-marked-alt\"><\/i>\t\t\t\t\t\t<\/span>\n\t\t\t\t\t\t\t\t\t\t<span class=\"elementor-icon-list-text\">Praceta Torres do Restelo 7 1400-401 Lisboa - Portugal<\/span>\n\t\t\t\t\t\t\t\t\t<\/li>\n\t\t\t\t\t\t\t\t<li class=\"elementor-icon-list-item\">\n\t\t\t\t\t\t\t\t\t\t\t<span class=\"elementor-icon-list-icon\">\n\t\t\t\t\t\t\t<i aria-hidden=\"true\" class=\"fas fa-phone\"><\/i>\t\t\t\t\t\t<\/span>\n\t\t\t\t\t\t\t\t\t\t<span class=\"elementor-icon-list-text\">TEL.: +351 21 404 5909 | +351 938 282 406<\/span>\n\t\t\t\t\t\t\t\t\t<\/li>\n\t\t\t\t\t\t\t\t<li class=\"elementor-icon-list-item\">\n\t\t\t\t\t\t\t\t\t\t\t<span class=\"elementor-icon-list-icon\">\n\t\t\t\t\t\t\t<i aria-hidden=\"true\" class=\"fas fa-envelope\"><\/i>\t\t\t\t\t\t<\/span>\n\t\t\t\t\t\t\t\t\t\t<span class=\"elementor-icon-list-text\">E-mail: contato@zveganhair.com<\/span>\n\t\t\t\t\t\t\t\t\t<\/li>\n\t\t\t\t\t\t\t\t<li class=\"elementor-icon-list-item\">\n\t\t\t\t\t\t\t\t\t\t\t<span class=\"elementor-icon-list-icon\">\n\t\t\t\t\t\t\t<i aria-hidden=\"true\" class=\"fas fa-clock\"><\/i>\t\t\t\t\t\t<\/span>\n\t\t\t\t\t\t\t\t\t\t<span class=\"elementor-icon-list-text\">HOR\u00c1RIO - DE SEGUNDA \u00c0 S\u00c1BADO 10H AS 19H<\/span>\n\t\t\t\t\t\t\t\t\t<\/li>\n\t\t\t\t\t\t<\/ul>\n\t\t\t\t\t\t<\/div>\n\t\t\t\t<\/div>\n\t\t\t\t\t<\/div>\n\t\t<\/div>\n\t\t\t\t\t<\/div>\n\t\t<\/section>\n\t\t\t\t<div class=\"elementor-element elementor-element-657c1e8 elementor-alert-warning elementor-widget elementor-widget-alert\" data-id=\"657c1e8\" data-element_type=\"widget\" data-e-type=\"widget\" data-widget_type=\"alert.default\">\n\t\t\t\t<div class=\"elementor-widget-container\">\n\t\t\t\t\t\t\t<div class=\"elementor-alert\" role=\"alert\">\n\n\t\t\t\t\t\t<span class=\"elementor-alert-title\">Importante<\/span>\n\t\t\t\n\t\t\t\t\t\t<span class=\"elementor-alert-description\">Nenhum outro sal\u00e3o est\u00e1 autorizado a utilizar o conceito Z Vegan Hair Concept by Jo\u00e3o &amp; Brito. Estamos na Praceta das Torres do Restelo.<\/span>\n\t\t\t\n\t\t\t\n\t\t<\/div>\n\t\t\t\t\t\t<\/div>\n\t\t\t\t<\/div>\n\t\t\t\t\t<\/div>\n\t\t<\/div>\n\t\t\t\t\t<\/div>\n\t\t<\/section>\n\t\t\t\t<section class=\"elementor-section elementor-top-section elementor-element elementor-element-8dc4cb2 elementor-section-boxed elementor-section-height-default elementor-section-height-default\" data-id=\"8dc4cb2\" data-element_type=\"section\" data-e-type=\"section\">\n\t\t\t\t\t\t<div class=\"elementor-container elementor-column-gap-default\">\n\t\t\t\t\t<div class=\"elementor-column elementor-col-100 elementor-top-column elementor-element elementor-element-b028ca7\" data-id=\"b028ca7\" data-element_type=\"column\" data-e-type=\"column\">\n\t\t\t<div class=\"elementor-widget-wrap\">\n\t\t\t\t\t\t\t<\/div>\n\t\t<\/div>\n\t\t\t\t\t<\/div>\n\t\t<\/section>\n\t\t\t\t<\/div>\n\t\t","protected":false},"excerpt":{"rendered":"<p>Entre em contato connosco e fa\u00e7a a sua marca\u00e7\u00e3o. Aguardamos a sua visita Para esclarecimento de qualquer d\u00favida que tenha sobre os nossos servi\u00e7os, n\u00e3o hesite em nos contatar. Basta preencher e enviar este formul\u00e1rio e ter\u00e1 a sua resposta o mais breve poss\u00edvel. Praceta Torres do Restelo 7 1400-401 Lisboa &#8211; Portugal TEL.: +351 [&hellip;]<\/p>\n","protected":false},"author":1,"featured_media":0,"parent":0,"menu_order":0,"comment_status":"closed","ping_status":"closed","template":"","meta":{"footnotes":""},"class_list":["post-370","page","type-page","status-publish","hentry"],"yoast_head":"<!-- This site is optimized with the Yoast SEO plugin v27.4 - https:\/\/yoast.com\/product\/yoast-seo-wordpress\/ -->\n<title>Contatos | Z Vegan Hair Concept | Restelo Lisboa<\/title>\n<meta name=\"description\" content=\"Sal\u00e3o situado no Restelo a 10 min. do centro de Lisboa, c\/zonas para parquear. Trabalhamos com marca\u00e7\u00f5es ONLINE pelo website e facebook (ter\u00e7as a s\u00e1bado).\" \/>\n<meta name=\"robots\" content=\"index, follow, max-snippet:-1, max-image-preview:large, max-video-preview:-1\" \/>\n<link rel=\"canonical\" href=\"https:\/\/zveganhair.com\/pt\/contato\/\" \/>\n<meta property=\"og:locale\" content=\"pt_PT\" \/>\n<meta property=\"og:type\" content=\"article\" \/>\n<meta property=\"og:title\" content=\"Contatos | Z Vegan Hair Concept | Restelo Lisboa\" \/>\n<meta property=\"og:description\" content=\"Sal\u00e3o situado no Restelo a 10 min. do centro de Lisboa, c\/zonas para parquear. Trabalhamos com marca\u00e7\u00f5es ONLINE pelo website e facebook (ter\u00e7as a s\u00e1bado).\" \/>\n<meta property=\"og:url\" content=\"https:\/\/zveganhair.com\/pt\/contato\/\" \/>\n<meta property=\"og:site_name\" content=\"Z Vegan Hair Concept\" \/>\n<meta property=\"article:publisher\" content=\"https:\/\/www.facebook.com\/zveganhairconceptjoaoebrito\" \/>\n<meta property=\"article:modified_time\" content=\"2024-11-26T18:22:29+00:00\" \/>\n<meta property=\"og:image\" content=\"https:\/\/zveganhair.com\/wp-content\/uploads\/2019\/07\/z-vegan-hair-concept-1.jpg\" \/>\n\t<meta property=\"og:image:width\" content=\"2015\" \/>\n\t<meta property=\"og:image:height\" content=\"1080\" \/>\n\t<meta property=\"og:image:type\" content=\"image\/jpeg\" \/>\n<meta name=\"twitter:card\" content=\"summary_large_image\" \/>\n<meta name=\"twitter:label1\" content=\"Tempo estimado de leitura\" \/>\n\t<meta name=\"twitter:data1\" content=\"1 minuto\" \/>\n<script type=\"application\/ld+json\" class=\"yoast-schema-graph\">{\"@context\":\"https:\\\/\\\/schema.org\",\"@graph\":[{\"@type\":\"WebPage\",\"@id\":\"https:\\\/\\\/zveganhair.com\\\/contato\",\"url\":\"https:\\\/\\\/zveganhair.com\\\/contato\",\"name\":\"Contatos | Z Vegan Hair Concept | Restelo Lisboa\",\"isPartOf\":{\"@id\":\"https:\\\/\\\/zveganhair.com\\\/pt\\\/#website\"},\"primaryImageOfPage\":{\"@id\":\"https:\\\/\\\/zveganhair.com\\\/contato#primaryimage\"},\"image\":{\"@id\":\"https:\\\/\\\/zveganhair.com\\\/contato#primaryimage\"},\"thumbnailUrl\":\"https:\\\/\\\/zveganhair.com\\\/wp-content\\\/uploads\\\/2019\\\/07\\\/z-vegan-hair-concept-1-1024x549.jpg\",\"datePublished\":\"2019-07-03T14:06:48+00:00\",\"dateModified\":\"2024-11-26T18:22:29+00:00\",\"description\":\"Sal\u00e3o situado no Restelo a 10 min. do centro de Lisboa, c\\\/zonas para parquear. Trabalhamos com marca\u00e7\u00f5es ONLINE pelo website e facebook (ter\u00e7as a s\u00e1bado).\",\"breadcrumb\":{\"@id\":\"https:\\\/\\\/zveganhair.com\\\/contato#breadcrumb\"},\"inLanguage\":\"pt-PT\",\"potentialAction\":[{\"@type\":\"ReadAction\",\"target\":[\"https:\\\/\\\/zveganhair.com\\\/contato\"]}]},{\"@type\":\"ImageObject\",\"inLanguage\":\"pt-PT\",\"@id\":\"https:\\\/\\\/zveganhair.com\\\/contato#primaryimage\",\"url\":\"https:\\\/\\\/zveganhair.com\\\/wp-content\\\/uploads\\\/2019\\\/07\\\/z-vegan-hair-concept-1-1024x549.jpg\",\"contentUrl\":\"https:\\\/\\\/zveganhair.com\\\/wp-content\\\/uploads\\\/2019\\\/07\\\/z-vegan-hair-concept-1-1024x549.jpg\"},{\"@type\":\"BreadcrumbList\",\"@id\":\"https:\\\/\\\/zveganhair.com\\\/contato#breadcrumb\",\"itemListElement\":[{\"@type\":\"ListItem\",\"position\":1,\"name\":\"In\u00edcio\",\"item\":\"https:\\\/\\\/zveganhair.com\\\/\"},{\"@type\":\"ListItem\",\"position\":2,\"name\":\"Contatos\"}]},{\"@type\":\"WebSite\",\"@id\":\"https:\\\/\\\/zveganhair.com\\\/pt\\\/#website\",\"url\":\"https:\\\/\\\/zveganhair.com\\\/pt\\\/\",\"name\":\"Z Vegan Hair Concept\",\"description\":\"Sal\u00e3o de cabeleireiros vegan em Lisboa - Portugal. Conceito: org\u00e2nico, cruelty free, paraben free e sulfate free.\",\"publisher\":{\"@id\":\"https:\\\/\\\/zveganhair.com\\\/pt\\\/#organization\"},\"potentialAction\":[{\"@type\":\"SearchAction\",\"target\":{\"@type\":\"EntryPoint\",\"urlTemplate\":\"https:\\\/\\\/zveganhair.com\\\/pt\\\/?s={search_term_string}\"},\"query-input\":{\"@type\":\"PropertyValueSpecification\",\"valueRequired\":true,\"valueName\":\"search_term_string\"}}],\"inLanguage\":\"pt-PT\"},{\"@type\":\"Organization\",\"@id\":\"https:\\\/\\\/zveganhair.com\\\/pt\\\/#organization\",\"name\":\"Z Vegan Hair Concept by Jo\u00e3o & Brito\",\"url\":\"https:\\\/\\\/zveganhair.com\\\/pt\\\/\",\"logo\":{\"@type\":\"ImageObject\",\"inLanguage\":\"pt-PT\",\"@id\":\"https:\\\/\\\/zveganhair.com\\\/pt\\\/#\\\/schema\\\/logo\\\/image\\\/\",\"url\":\"https:\\\/\\\/zveganhair.com\\\/wp-content\\\/uploads\\\/2019\\\/07\\\/z-vegan-hair-concept.png\",\"contentUrl\":\"https:\\\/\\\/zveganhair.com\\\/wp-content\\\/uploads\\\/2019\\\/07\\\/z-vegan-hair-concept.png\",\"width\":289,\"height\":404,\"caption\":\"Z Vegan Hair Concept by Jo\u00e3o & Brito\"},\"image\":{\"@id\":\"https:\\\/\\\/zveganhair.com\\\/pt\\\/#\\\/schema\\\/logo\\\/image\\\/\"},\"sameAs\":[\"https:\\\/\\\/www.facebook.com\\\/zveganhairconceptjoaoebrito\",\"https:\\\/\\\/www.instagram.com\\\/z_vegan_hair_concept\\\/?hl=pt\",\"https:\\\/\\\/www.youtube.com\\\/channel\\\/UCGuzPq2pjV6tuhHKMUGdhZg\"]}]}<\/script>\n<!-- \/ Yoast SEO plugin. -->","yoast_head_json":{"title":"Contatos | Z Vegan Hair Concept | Restelo Lisboa","description":"Sal\u00e3o situado no Restelo a 10 min. do centro de Lisboa, c\/zonas para parquear. Trabalhamos com marca\u00e7\u00f5es ONLINE pelo website e facebook (ter\u00e7as a s\u00e1bado).","robots":{"index":"index","follow":"follow","max-snippet":"max-snippet:-1","max-image-preview":"max-image-preview:large","max-video-preview":"max-video-preview:-1"},"canonical":"https:\/\/zveganhair.com\/pt\/contato\/","og_locale":"pt_PT","og_type":"article","og_title":"Contatos | Z Vegan Hair Concept | Restelo Lisboa","og_description":"Sal\u00e3o situado no Restelo a 10 min. do centro de Lisboa, c\/zonas para parquear. Trabalhamos com marca\u00e7\u00f5es ONLINE pelo website e facebook (ter\u00e7as a s\u00e1bado).","og_url":"https:\/\/zveganhair.com\/pt\/contato\/","og_site_name":"Z Vegan Hair Concept","article_publisher":"https:\/\/www.facebook.com\/zveganhairconceptjoaoebrito","article_modified_time":"2024-11-26T18:22:29+00:00","og_image":[{"width":2015,"height":1080,"url":"https:\/\/zveganhair.com\/wp-content\/uploads\/2019\/07\/z-vegan-hair-concept-1.jpg","type":"image\/jpeg"}],"twitter_card":"summary_large_image","twitter_misc":{"Tempo estimado de leitura":"1 minuto"},"schema":{"@context":"https:\/\/schema.org","@graph":[{"@type":"WebPage","@id":"https:\/\/zveganhair.com\/contato","url":"https:\/\/zveganhair.com\/contato","name":"Contatos | Z Vegan Hair Concept | Restelo Lisboa","isPartOf":{"@id":"https:\/\/zveganhair.com\/pt\/#website"},"primaryImageOfPage":{"@id":"https:\/\/zveganhair.com\/contato#primaryimage"},"image":{"@id":"https:\/\/zveganhair.com\/contato#primaryimage"},"thumbnailUrl":"https:\/\/zveganhair.com\/wp-content\/uploads\/2019\/07\/z-vegan-hair-concept-1-1024x549.jpg","datePublished":"2019-07-03T14:06:48+00:00","dateModified":"2024-11-26T18:22:29+00:00","description":"Sal\u00e3o situado no Restelo a 10 min. do centro de Lisboa, c\/zonas para parquear. Trabalhamos com marca\u00e7\u00f5es ONLINE pelo website e facebook (ter\u00e7as a s\u00e1bado).","breadcrumb":{"@id":"https:\/\/zveganhair.com\/contato#breadcrumb"},"inLanguage":"pt-PT","potentialAction":[{"@type":"ReadAction","target":["https:\/\/zveganhair.com\/contato"]}]},{"@type":"ImageObject","inLanguage":"pt-PT","@id":"https:\/\/zveganhair.com\/contato#primaryimage","url":"https:\/\/zveganhair.com\/wp-content\/uploads\/2019\/07\/z-vegan-hair-concept-1-1024x549.jpg","contentUrl":"https:\/\/zveganhair.com\/wp-content\/uploads\/2019\/07\/z-vegan-hair-concept-1-1024x549.jpg"},{"@type":"BreadcrumbList","@id":"https:\/\/zveganhair.com\/contato#breadcrumb","itemListElement":[{"@type":"ListItem","position":1,"name":"In\u00edcio","item":"https:\/\/zveganhair.com\/"},{"@type":"ListItem","position":2,"name":"Contatos"}]},{"@type":"WebSite","@id":"https:\/\/zveganhair.com\/pt\/#website","url":"https:\/\/zveganhair.com\/pt\/","name":"Z Vegan Hair Concept","description":"Sal\u00e3o de cabeleireiros vegan em Lisboa - Portugal. Conceito: org\u00e2nico, cruelty free, paraben free e sulfate free.","publisher":{"@id":"https:\/\/zveganhair.com\/pt\/#organization"},"potentialAction":[{"@type":"SearchAction","target":{"@type":"EntryPoint","urlTemplate":"https:\/\/zveganhair.com\/pt\/?s={search_term_string}"},"query-input":{"@type":"PropertyValueSpecification","valueRequired":true,"valueName":"search_term_string"}}],"inLanguage":"pt-PT"},{"@type":"Organization","@id":"https:\/\/zveganhair.com\/pt\/#organization","name":"Z Vegan Hair Concept by Jo\u00e3o & Brito","url":"https:\/\/zveganhair.com\/pt\/","logo":{"@type":"ImageObject","inLanguage":"pt-PT","@id":"https:\/\/zveganhair.com\/pt\/#\/schema\/logo\/image\/","url":"https:\/\/zveganhair.com\/wp-content\/uploads\/2019\/07\/z-vegan-hair-concept.png","contentUrl":"https:\/\/zveganhair.com\/wp-content\/uploads\/2019\/07\/z-vegan-hair-concept.png","width":289,"height":404,"caption":"Z Vegan Hair Concept by Jo\u00e3o & Brito"},"image":{"@id":"https:\/\/zveganhair.com\/pt\/#\/schema\/logo\/image\/"},"sameAs":["https:\/\/www.facebook.com\/zveganhairconceptjoaoebrito","https:\/\/www.instagram.com\/z_vegan_hair_concept\/?hl=pt","https:\/\/www.youtube.com\/channel\/UCGuzPq2pjV6tuhHKMUGdhZg"]}]}},"_links":{"self":[{"href":"https:\/\/zveganhair.com\/pt\/wp-json\/wp\/v2\/pages\/370","targetHints":{"allow":["GET"]}}],"collection":[{"href":"https:\/\/zveganhair.com\/pt\/wp-json\/wp\/v2\/pages"}],"about":[{"href":"https:\/\/zveganhair.com\/pt\/wp-json\/wp\/v2\/types\/page"}],"author":[{"embeddable":true,"href":"https:\/\/zveganhair.com\/pt\/wp-json\/wp\/v2\/users\/1"}],"replies":[{"embeddable":true,"href":"https:\/\/zveganhair.com\/pt\/wp-json\/wp\/v2\/comments?post=370"}],"version-history":[{"count":57,"href":"https:\/\/zveganhair.com\/pt\/wp-json\/wp\/v2\/pages\/370\/revisions"}],"predecessor-version":[{"id":2859,"href":"https:\/\/zveganhair.com\/pt\/wp-json\/wp\/v2\/pages\/370\/revisions\/2859"}],"wp:attachment":[{"href":"https:\/\/zveganhair.com\/pt\/wp-json\/wp\/v2\/media?parent=370"}],"curies":[{"name":"wp","href":"https:\/\/api.w.org\/{rel}","templated":true}]}}